{"id":2776,"date":"2017-07-09T23:11:34","date_gmt":"2017-07-09T20:11:34","guid":{"rendered":"http:\/\/ozbaypvc.com\/?page_id=2776"},"modified":"2017-07-10T11:24:03","modified_gmt":"2017-07-10T08:24:03","slug":"ondula","status":"publish","type":"page","link":"https:\/\/ozbaypvc.com\/index.php\/ondula\/","title":{"rendered":"ONDULA"},"content":{"rendered":"<div id=\"pl-2776\"  class=\"panel-layout\" ><div id=\"pg-2776-0\"  class=\"panel-grid panel-no-style\" ><div id=\"pgc-2776-0-0\"  class=\"panel-grid-cell\" ><div id=\"panel-2776-0-0-0\" class=\"so-panel widget widget_sow-editor panel-first-child panel-last-child\" data-index=\"0\" ><div\n\t\t\t\n\t\t\tclass=\"so-widget-sow-editor so-widget-sow-editor-base\"\n\t\t\t\n\t\t>\n<div class=\"siteorigin-widget-tinymce textwidget\">\n\t<p><a href=\"http:\/\/ozbaypvc.com\/wp-content\/uploads\/2017\/07\/largo.jpg\"><img loading=\"lazy\" decoding=\"async\" class=\"alignleft wp-image-2774\" src=\"http:\/\/ozbaypvc.com\/wp-content\/uploads\/2017\/07\/largo-300x224.jpg\" alt=\"\" width=\"500\" height=\"374\" srcset=\"https:\/\/ozbaypvc.com\/wp-content\/uploads\/2017\/07\/largo-300x224.jpg 300w, https:\/\/ozbaypvc.com\/wp-content\/uploads\/2017\/07\/largo-768x574.jpg 768w, https:\/\/ozbaypvc.com\/wp-content\/uploads\/2017\/07\/largo-555x415.jpg 555w, https:\/\/ozbaypvc.com\/wp-content\/uploads\/2017\/07\/largo-100x75.jpg 100w, https:\/\/ozbaypvc.com\/wp-content\/uploads\/2017\/07\/largo.jpg 950w\" sizes=\"auto, (max-width: 500px) 100vw, 500px\" \/><\/a><\/p>\n<h3>Cam Oda Ondula -\u00a0Cam Balkon Camlama Sistemleri<\/h3>\n<p>Sistemde altta ve \u00fcstte ta\u015f\u0131y\u0131c\u0131 ray profili bulunmaktad\u0131r. Profil et kal\u0131nl\u0131\u011f\u0131 3 mm\u2019dir.<\/p>\n<p>Sistemde altta ve \u00fcstte 4\u2019er adet ta\u015f\u0131y\u0131c\u0131 tekerlek bulunmaktad\u0131r. Bu sayede montaj yerinde ister alt raya ister \u00fcst raya ta\u015f\u0131tma yapt\u0131r\u0131labilir.<\/p>\n<p>Tekerlek sistemi 39 mm \u00e7apl\u0131 2 adet rulmanl\u0131 setten olu\u015fmaktad\u0131r. Bu sayede ta\u015f\u0131ma kapasitesi art\u0131r\u0131lmakta ve sistem dengesi sa\u011flanmaktad\u0131r.<\/p>\n<p>Ta\u015f\u0131y\u0131c\u0131 tekerlek sistemleri, gerekti\u011finde y\u00fckseklik ayar\u0131 yap\u0131labilecek \u015fekilde tasarlanm\u0131\u015ft\u0131r. B\u00f6ylelikle k\u00fc\u00e7\u00fck, imalat ve\/veya montaj terazi hatalar\u0131 tolere edilir.<\/p>\n<p>Kanatlar\u0131n, a\u00e7\u0131lmas\u0131 ve kapanmas\u0131 esnas\u0131nda sarkmas\u0131n\u0131 \u00f6nleyen tescilli \u00f6zel kilit mekanizmas\u0131 mevcuttur.<\/p>\n<p>Camoda\u2019ya tescilli a\u00e7\u0131l\u0131p kapanan \u00e7\u0131k\u0131\u015f kapa\u011f\u0131, ayr\u0131cal\u0131k ve avantaj sa\u011flar.<\/p>\n<p>Sisteme 8mm ve 20 mm temperli \u00e7ift cam uygulamas\u0131 yap\u0131lmaktad\u0131r.<\/p>\n<p>Cam-profil ba\u011flant\u0131s\u0131nda kanat tasar\u0131m\u0131 ve kullan\u0131lan \u00f6zel yap\u0131\u015ft\u0131r\u0131c\u0131 sayesinde U.V. dayan\u0131m\u0131 ve yap\u0131\u015fma kuvveti art\u0131r\u0131lm\u0131\u015ft\u0131r.<\/p>\n<p>Al\u00fcminyum profillerde 8 farkl\u0131 renk se\u00e7ene\u011fi sunulmaktad\u0131r.<\/p>\n<p>Kanat ve ray profillerinde bulunan f\u0131r\u00e7a conta kanallar\u0131 sayesinde gerekti\u011finde, alta ve \u00fcste iki s\u0131ra f\u0131r\u00e7a conta uygulamas\u0131 yap\u0131labilmektedir.<\/p>\n<p>Hava ve su ge\u00e7irmezlik \u00f6zelli\u011finin art\u0131r\u0131lmas\u0131 amac\u0131yl, yan profil gerekti\u011finde 2 contal\u0131 (EPDM) olarak tasarlanm\u0131\u015ft\u0131r.<\/p>\n<p>Cam paneller sadece sa\u011fa, sadece sola veya her iki tarafa ayr ayr\u0131 toplanabilir.<\/p>\n<p>Ondula,dalgal\u0131 y\u00fczey formu sayesinde kullan\u0131c\u0131s\u0131na estetik bir alternatif olu\u015fturur.<\/p>\n<\/div>\n<\/div><\/div><\/div><\/div><div id=\"pg-2776-1\"  class=\"panel-grid panel-no-style\" ><div id=\"pgc-2776-1-0\"  class=\"panel-grid-cell\" ><div id=\"panel-2776-1-0-0\" class=\"so-panel widget widget_pt_icon_box widget-icon-box panel-first-child panel-last-child\" data-index=\"1\" >\t\t\t<a class=\"icon-box\" href=\"http:\/\/www.camoda.com.tr\/App_Themes\/camoda\/pdf\/CAMODAbrosurbaskionayi.pdf\" target=\"_blank\">\n\t\t\t\t\t\t\t<i class=\"fa  fa-download  fa-3x\"><\/i>\n\t\t\t\t<div class=\"icon-box__text\">\n\t\t\t\t\t<h4 class=\"icon-box__title\">PDF Bro\u015f\u00fcr \u0130ndir<\/h4>\n\t\t\t\t\t<span class=\"icon-box__subtitle\"><\/span>\n\t\t\t\t<\/div>\n\t\t\t<\/a>\n\t\t\t<\/div><\/div><div id=\"pgc-2776-1-1\"  class=\"panel-grid-cell\" ><div id=\"panel-2776-1-1-0\" class=\"so-panel widget widget_pt_icon_box widget-icon-box panel-first-child panel-last-child\" data-index=\"2\" >\t\t\t<a class=\"icon-box\" href=\"https:\/\/www.youtube.com\/embed\/Q4l0cSKq4Ek?autoplay=1\" target=\"_blank\">\n\t\t\t\t\t\t\t<i class=\"fa  fa-camera-retro  fa-3x\"><\/i>\n\t\t\t\t<div class=\"icon-box__text\">\n\t\t\t\t\t<h4 class=\"icon-box__title\">Montaj Filmi<\/h4>\n\t\t\t\t\t<span class=\"icon-box__subtitle\"><\/span>\n\t\t\t\t<\/div>\n\t\t\t<\/a>\n\t\t\t<\/div><\/div><div id=\"pgc-2776-1-2\"  class=\"panel-grid-cell panel-grid-cell-empty panel-grid-cell-mobile-last\" ><\/div><div id=\"pgc-2776-1-3\"  class=\"panel-grid-cell panel-grid-cell-empty\" ><\/div><\/div><\/div>","protected":false},"excerpt":{"rendered":"<p>Cam Oda Ondula &#8211;\u00a0Cam Balkon Camlama SistemleriSistemde altta ve \u00fcstte ta\u015f\u0131y\u0131c\u0131 ray profili bulunmaktad\u0131r. Profil et kal\u0131nl\u0131\u011f\u0131 3 mm\u2019dir.Sistemde altta ve \u00fcstte 4\u2019er adet ta\u015f\u0131y\u0131c\u0131 tekerlek bulunmaktad\u0131r. Bu sayede montaj yerinde ister alt raya ister \u00fcst raya ta\u015f\u0131tma yapt\u0131r\u0131labilir.Tekerlek sistemi 39 mm \u00e7apl\u0131 2 adet rulmanl\u0131 setten olu\u015fmaktad\u0131r. Bu sayede ta\u015f\u0131ma kapasitesi art\u0131r\u0131lmakta ve sistem &hellip;<\/p>\n","protected":false},"author":1,"featured_media":0,"parent":0,"menu_order":0,"comment_status":"closed","ping_status":"closed","template":"","meta":{"footnotes":""},"class_list":["post-2776","page","type-page","status-publish","hentry"],"yoast_head":"<!-- This site is optimized with the Yoast SEO plugin v27.4 - https:\/\/yoast.com\/product\/yoast-seo-wordpress\/ -->\n<title>ONDULA - \u00d6zbay Plastik Do\u011frama ve \u0130n\u015f. San. Tic. Ltd. \u015eti<\/title>\n<meta name=\"robots\" content=\"index, follow, max-snippet:-1, max-image-preview:large, max-video-preview:-1\" \/>\n<link rel=\"canonical\" href=\"https:\/\/ozbaypvc.com\/index.php\/cam-oda__trashed\/ondula\/\" \/>\n<meta property=\"og:locale\" content=\"tr_TR\" \/>\n<meta property=\"og:type\" content=\"article\" \/>\n<meta property=\"og:title\" content=\"ONDULA - \u00d6zbay Plastik Do\u011frama ve \u0130n\u015f. San. Tic. Ltd. \u015eti\" \/>\n<meta property=\"og:description\" content=\"Cam Oda Ondula -\u00a0Cam Balkon Camlama SistemleriSistemde altta ve \u00fcstte ta\u015f\u0131y\u0131c\u0131 ray profili bulunmaktad\u0131r. Profil et kal\u0131nl\u0131\u011f\u0131 3 mm\u2019dir.Sistemde altta ve \u00fcstte 4\u2019er adet ta\u015f\u0131y\u0131c\u0131 tekerlek bulunmaktad\u0131r. Bu sayede montaj yerinde ister alt raya ister \u00fcst raya ta\u015f\u0131tma yapt\u0131r\u0131labilir.Tekerlek sistemi 39 mm \u00e7apl\u0131 2 adet rulmanl\u0131 setten olu\u015fmaktad\u0131r. Bu sayede ta\u015f\u0131ma kapasitesi art\u0131r\u0131lmakta ve sistem &hellip;\" \/>\n<meta property=\"og:url\" content=\"https:\/\/ozbaypvc.com\/index.php\/cam-oda__trashed\/ondula\/\" \/>\n<meta property=\"og:site_name\" content=\"\u00d6zbay Plastik Do\u011frama ve \u0130n\u015f. San. Tic. Ltd. \u015eti\" \/>\n<meta property=\"article:modified_time\" content=\"2017-07-10T08:24:03+00:00\" \/>\n<meta property=\"og:image\" content=\"http:\/\/ozbaypvc.com\/wp-content\/uploads\/2017\/07\/largo-300x224.jpg\" \/>\n<meta name=\"twitter:card\" content=\"summary_large_image\" \/>\n<meta name=\"twitter:label1\" content=\"Tahmini okuma s\u00fcresi\" \/>\n\t<meta name=\"twitter:data1\" content=\"1 dakika\" \/>\n<script type=\"application\/ld+json\" class=\"yoast-schema-graph\">{\"@context\":\"https:\\\/\\\/schema.org\",\"@graph\":[{\"@type\":\"WebPage\",\"@id\":\"https:\\\/\\\/ozbaypvc.com\\\/index.php\\\/cam-oda__trashed\\\/ondula\\\/\",\"url\":\"https:\\\/\\\/ozbaypvc.com\\\/index.php\\\/cam-oda__trashed\\\/ondula\\\/\",\"name\":\"ONDULA - \u00d6zbay Plastik Do\u011frama ve \u0130n\u015f. San. Tic. Ltd. \u015eti\",\"isPartOf\":{\"@id\":\"https:\\\/\\\/ozbaypvc.com\\\/#website\"},\"primaryImageOfPage\":{\"@id\":\"https:\\\/\\\/ozbaypvc.com\\\/index.php\\\/cam-oda__trashed\\\/ondula\\\/#primaryimage\"},\"image\":{\"@id\":\"https:\\\/\\\/ozbaypvc.com\\\/index.php\\\/cam-oda__trashed\\\/ondula\\\/#primaryimage\"},\"thumbnailUrl\":\"http:\\\/\\\/ozbaypvc.com\\\/wp-content\\\/uploads\\\/2017\\\/07\\\/largo-300x224.jpg\",\"datePublished\":\"2017-07-09T20:11:34+00:00\",\"dateModified\":\"2017-07-10T08:24:03+00:00\",\"breadcrumb\":{\"@id\":\"https:\\\/\\\/ozbaypvc.com\\\/index.php\\\/cam-oda__trashed\\\/ondula\\\/#breadcrumb\"},\"inLanguage\":\"tr\",\"potentialAction\":[{\"@type\":\"ReadAction\",\"target\":[\"https:\\\/\\\/ozbaypvc.com\\\/index.php\\\/cam-oda__trashed\\\/ondula\\\/\"]}]},{\"@type\":\"ImageObject\",\"inLanguage\":\"tr\",\"@id\":\"https:\\\/\\\/ozbaypvc.com\\\/index.php\\\/cam-oda__trashed\\\/ondula\\\/#primaryimage\",\"url\":\"https:\\\/\\\/ozbaypvc.com\\\/wp-content\\\/uploads\\\/2017\\\/07\\\/largo.jpg\",\"contentUrl\":\"https:\\\/\\\/ozbaypvc.com\\\/wp-content\\\/uploads\\\/2017\\\/07\\\/largo.jpg\",\"width\":950,\"height\":710},{\"@type\":\"BreadcrumbList\",\"@id\":\"https:\\\/\\\/ozbaypvc.com\\\/index.php\\\/cam-oda__trashed\\\/ondula\\\/#breadcrumb\",\"itemListElement\":[{\"@type\":\"ListItem\",\"position\":1,\"name\":\"Ana sayfa\",\"item\":\"https:\\\/\\\/ozbaypvc.com\\\/\"},{\"@type\":\"ListItem\",\"position\":2,\"name\":\"ONDULA\"}]},{\"@type\":\"WebSite\",\"@id\":\"https:\\\/\\\/ozbaypvc.com\\\/#website\",\"url\":\"https:\\\/\\\/ozbaypvc.com\\\/\",\"name\":\"\u00d6zbay Plastik Do\u011frama ve \u0130n\u015f. San. Tic. Ltd. \u015eti\",\"description\":\"Giresun Cam Balkon &amp; Katlan\u0131r Cam Balkon - Pimapen - Albert Genau\",\"potentialAction\":[{\"@type\":\"SearchAction\",\"target\":{\"@type\":\"EntryPoint\",\"urlTemplate\":\"https:\\\/\\\/ozbaypvc.com\\\/?s={search_term_string}\"},\"query-input\":{\"@type\":\"PropertyValueSpecification\",\"valueRequired\":true,\"valueName\":\"search_term_string\"}}],\"inLanguage\":\"tr\"}]}<\/script>\n<!-- \/ Yoast SEO plugin. -->","yoast_head_json":{"title":"ONDULA - \u00d6zbay Plastik Do\u011frama ve \u0130n\u015f. San. Tic. Ltd. \u015eti","robots":{"index":"index","follow":"follow","max-snippet":"max-snippet:-1","max-image-preview":"max-image-preview:large","max-video-preview":"max-video-preview:-1"},"canonical":"https:\/\/ozbaypvc.com\/index.php\/cam-oda__trashed\/ondula\/","og_locale":"tr_TR","og_type":"article","og_title":"ONDULA - \u00d6zbay Plastik Do\u011frama ve \u0130n\u015f. San. Tic. Ltd. \u015eti","og_description":"Cam Oda Ondula -\u00a0Cam Balkon Camlama SistemleriSistemde altta ve \u00fcstte ta\u015f\u0131y\u0131c\u0131 ray profili bulunmaktad\u0131r. Profil et kal\u0131nl\u0131\u011f\u0131 3 mm\u2019dir.Sistemde altta ve \u00fcstte 4\u2019er adet ta\u015f\u0131y\u0131c\u0131 tekerlek bulunmaktad\u0131r. Bu sayede montaj yerinde ister alt raya ister \u00fcst raya ta\u015f\u0131tma yapt\u0131r\u0131labilir.Tekerlek sistemi 39 mm \u00e7apl\u0131 2 adet rulmanl\u0131 setten olu\u015fmaktad\u0131r. Bu sayede ta\u015f\u0131ma kapasitesi art\u0131r\u0131lmakta ve sistem &hellip;","og_url":"https:\/\/ozbaypvc.com\/index.php\/cam-oda__trashed\/ondula\/","og_site_name":"\u00d6zbay Plastik Do\u011frama ve \u0130n\u015f. San. Tic. Ltd. \u015eti","article_modified_time":"2017-07-10T08:24:03+00:00","og_image":[{"url":"http:\/\/ozbaypvc.com\/wp-content\/uploads\/2017\/07\/largo-300x224.jpg","type":"","width":"","height":""}],"twitter_card":"summary_large_image","twitter_misc":{"Tahmini okuma s\u00fcresi":"1 dakika"},"schema":{"@context":"https:\/\/schema.org","@graph":[{"@type":"WebPage","@id":"https:\/\/ozbaypvc.com\/index.php\/cam-oda__trashed\/ondula\/","url":"https:\/\/ozbaypvc.com\/index.php\/cam-oda__trashed\/ondula\/","name":"ONDULA - \u00d6zbay Plastik Do\u011frama ve \u0130n\u015f. San. Tic. Ltd. \u015eti","isPartOf":{"@id":"https:\/\/ozbaypvc.com\/#website"},"primaryImageOfPage":{"@id":"https:\/\/ozbaypvc.com\/index.php\/cam-oda__trashed\/ondula\/#primaryimage"},"image":{"@id":"https:\/\/ozbaypvc.com\/index.php\/cam-oda__trashed\/ondula\/#primaryimage"},"thumbnailUrl":"http:\/\/ozbaypvc.com\/wp-content\/uploads\/2017\/07\/largo-300x224.jpg","datePublished":"2017-07-09T20:11:34+00:00","dateModified":"2017-07-10T08:24:03+00:00","breadcrumb":{"@id":"https:\/\/ozbaypvc.com\/index.php\/cam-oda__trashed\/ondula\/#breadcrumb"},"inLanguage":"tr","potentialAction":[{"@type":"ReadAction","target":["https:\/\/ozbaypvc.com\/index.php\/cam-oda__trashed\/ondula\/"]}]},{"@type":"ImageObject","inLanguage":"tr","@id":"https:\/\/ozbaypvc.com\/index.php\/cam-oda__trashed\/ondula\/#primaryimage","url":"https:\/\/ozbaypvc.com\/wp-content\/uploads\/2017\/07\/largo.jpg","contentUrl":"https:\/\/ozbaypvc.com\/wp-content\/uploads\/2017\/07\/largo.jpg","width":950,"height":710},{"@type":"BreadcrumbList","@id":"https:\/\/ozbaypvc.com\/index.php\/cam-oda__trashed\/ondula\/#breadcrumb","itemListElement":[{"@type":"ListItem","position":1,"name":"Ana sayfa","item":"https:\/\/ozbaypvc.com\/"},{"@type":"ListItem","position":2,"name":"ONDULA"}]},{"@type":"WebSite","@id":"https:\/\/ozbaypvc.com\/#website","url":"https:\/\/ozbaypvc.com\/","name":"\u00d6zbay Plastik Do\u011frama ve \u0130n\u015f. San. Tic. Ltd. \u015eti","description":"Giresun Cam Balkon &amp; Katlan\u0131r Cam Balkon - Pimapen - Albert Genau","potentialAction":[{"@type":"SearchAction","target":{"@type":"EntryPoint","urlTemplate":"https:\/\/ozbaypvc.com\/?s={search_term_string}"},"query-input":{"@type":"PropertyValueSpecification","valueRequired":true,"valueName":"search_term_string"}}],"inLanguage":"tr"}]}},"_links":{"self":[{"href":"https:\/\/ozbaypvc.com\/index.php\/wp-json\/wp\/v2\/pages\/2776","targetHints":{"allow":["GET"]}}],"collection":[{"href":"https:\/\/ozbaypvc.com\/index.php\/wp-json\/wp\/v2\/pages"}],"about":[{"href":"https:\/\/ozbaypvc.com\/index.php\/wp-json\/wp\/v2\/types\/page"}],"author":[{"embeddable":true,"href":"https:\/\/ozbaypvc.com\/index.php\/wp-json\/wp\/v2\/users\/1"}],"replies":[{"embeddable":true,"href":"https:\/\/ozbaypvc.com\/index.php\/wp-json\/wp\/v2\/comments?post=2776"}],"version-history":[{"count":0,"href":"https:\/\/ozbaypvc.com\/index.php\/wp-json\/wp\/v2\/pages\/2776\/revisions"}],"wp:attachment":[{"href":"https:\/\/ozbaypvc.com\/index.php\/wp-json\/wp\/v2\/media?parent=2776"}],"curies":[{"name":"wp","href":"https:\/\/api.w.org\/{rel}","templated":true}]}}