{"id":2782,"date":"2017-07-09T23:14:56","date_gmt":"2017-07-09T20:14:56","guid":{"rendered":"http:\/\/ozbaypvc.com\/?page_id=2782"},"modified":"2017-07-10T11:29:44","modified_gmt":"2017-07-10T08:29:44","slug":"vista-unico","status":"publish","type":"page","link":"https:\/\/ozbaypvc.com\/index.php\/vista-unico\/","title":{"rendered":"V\u0130STA UN\u0130CO"},"content":{"rendered":"<div id=\"pl-2782\"  class=\"panel-layout\" ><div id=\"pg-2782-0\"  class=\"panel-grid panel-no-style\" ><div id=\"pgc-2782-0-0\"  class=\"panel-grid-cell\" ><div id=\"panel-2782-0-0-0\" class=\"so-panel widget widget_sow-editor panel-first-child panel-last-child\" data-index=\"0\" ><div\n\t\t\t\n\t\t\tclass=\"so-widget-sow-editor so-widget-sow-editor-base\"\n\t\t\t\n\t\t>\n<div class=\"siteorigin-widget-tinymce textwidget\">\n\t<p><a href=\"http:\/\/ozbaypvc.com\/wp-content\/uploads\/2017\/07\/vista-unico.jpg\"><img loading=\"lazy\" decoding=\"async\" class=\"alignleft wp-image-2783\" src=\"http:\/\/ozbaypvc.com\/wp-content\/uploads\/2017\/07\/vista-unico-300x224.jpg\" alt=\"\" width=\"500\" height=\"374\" srcset=\"https:\/\/ozbaypvc.com\/wp-content\/uploads\/2017\/07\/vista-unico-300x224.jpg 300w, https:\/\/ozbaypvc.com\/wp-content\/uploads\/2017\/07\/vista-unico-768x574.jpg 768w, https:\/\/ozbaypvc.com\/wp-content\/uploads\/2017\/07\/vista-unico-555x415.jpg 555w, https:\/\/ozbaypvc.com\/wp-content\/uploads\/2017\/07\/vista-unico-100x75.jpg 100w, https:\/\/ozbaypvc.com\/wp-content\/uploads\/2017\/07\/vista-unico.jpg 950w\" sizes=\"auto, (max-width: 500px) 100vw, 500px\" \/><\/a><\/p>\n<h3>Cam Oda Vista Unico -\u00a0Cam Balkon Camlama Sistemleri<\/h3>\n<p>30 mm \u00e7ift caml\u0131 s\u00fcrme sistem.<\/p>\n<p>Sistemde altta 3 ray i\u00e7eren ta\u015f\u0131y\u0131c\u0131 profil ve her kanatta 8 adet ta\u015f\u0131y\u0131c\u0131 tekerlek bulunmaktad\u0131r.<\/p>\n<p>Ta\u015f\u0131y\u0131c\u0131 tekerlek sistemleri, gerekti\u011finde y\u00fckseklik ayar\u0131 yap\u0131labilecek \u015fekilde tasarlanm\u0131\u015ft\u0131r. B\u00f6ylelikle k\u00fc\u00e7\u00fck, imalat ve\/veya montaj terazi hatalar\u0131 tolore edilebilir.<\/p>\n<p>Sistemde 30 mm temperli \u00e7ift cam uygulamas\u0131 yap\u0131lmaktad\u0131r. Jaluzi uygulamas\u0131 yap\u0131labilmektedir.<\/p>\n<p>Cam profil ba\u011flant\u0131s\u0131 altta \u00f6zel yap\u0131\u015ft\u0131r\u0131c\u0131 ile yap\u0131lmaktad\u0131r.<\/p>\n<p>Al\u00fcminyum profillerde 8 farkl\u0131 renk se\u00e7ene\u011fi sunulmaktad\u0131r.<\/p>\n<p>E\u015fikli ve e\u015fiksiz uygulamalarda hem yatay hem dikey kesitlerde f\u0131r\u00e7a conta ile hava direnci sa\u011flanmaktad\u0131r.<\/p>\n<p>Cam paneller hem sa\u011fa, hem sola toplanabilecek \u015fekilde tasarlanm\u0131\u015ft\u0131r.<\/p>\n<p>Yan profilinin \u00f6zelli\u011fi sayesinde kilit, d\u00fc\u015feyde istenilen dokuma monte edilerek \u00e7ocuk emniyeti sa\u011flan\u0131r.<\/p>\n<\/div>\n<\/div><\/div><\/div><\/div><div id=\"pg-2782-1\"  class=\"panel-grid panel-no-style\" ><div id=\"pgc-2782-1-0\"  class=\"panel-grid-cell\" ><div id=\"panel-2782-1-0-0\" class=\"so-panel widget widget_pt_icon_box widget-icon-box panel-first-child panel-last-child\" data-index=\"1\" >\t\t\t<a class=\"icon-box\" href=\"http:\/\/www.camoda.com.tr\/App_Themes\/camoda\/pdf\/CAMODAbrosurbaskionayi.pdf\" >\n\t\t\t\t\t\t\t<i class=\"fa  fa-download  fa-3x\"><\/i>\n\t\t\t\t<div class=\"icon-box__text\">\n\t\t\t\t\t<h4 class=\"icon-box__title\">PDF Bro\u015f\u00fcr \u0130ndir<\/h4>\n\t\t\t\t\t<span class=\"icon-box__subtitle\"><\/span>\n\t\t\t\t<\/div>\n\t\t\t<\/a>\n\t\t\t<\/div><\/div><div id=\"pgc-2782-1-1\"  class=\"panel-grid-cell\" ><div id=\"panel-2782-1-1-0\" class=\"so-panel widget widget_pt_icon_box widget-icon-box panel-first-child panel-last-child\" data-index=\"2\" >\t\t\t<a class=\"icon-box\" href=\"https:\/\/www.youtube.com\/embed\/D7fS8pQbytU?autoplay=1\" target=\"_blank\">\n\t\t\t\t\t\t\t<i class=\"fa  fa-cogs  fa-3x\"><\/i>\n\t\t\t\t<div class=\"icon-box__text\">\n\t\t\t\t\t<h4 class=\"icon-box__title\">\u00dcretim Filmi<\/h4>\n\t\t\t\t\t<span class=\"icon-box__subtitle\"><\/span>\n\t\t\t\t<\/div>\n\t\t\t<\/a>\n\t\t\t<\/div><\/div><div id=\"pgc-2782-1-2\"  class=\"panel-grid-cell\" ><div id=\"panel-2782-1-2-0\" class=\"so-panel widget widget_pt_icon_box widget-icon-box panel-first-child panel-last-child\" data-index=\"3\" >\t\t\t<a class=\"icon-box\" href=\"https:\/\/www.youtube.com\/embed\/TbAeDMtGDFM?autoplay=1\" target=\"_blank\">\n\t\t\t\t\t\t\t<i class=\"fa  fa-camera-retro  fa-3x\"><\/i>\n\t\t\t\t<div class=\"icon-box__text\">\n\t\t\t\t\t<h4 class=\"icon-box__title\">Montaj Filmi<\/h4>\n\t\t\t\t\t<span class=\"icon-box__subtitle\"><\/span>\n\t\t\t\t<\/div>\n\t\t\t<\/a>\n\t\t\t<\/div><\/div><div id=\"pgc-2782-1-3\"  class=\"panel-grid-cell\" ><div id=\"panel-2782-1-3-0\" class=\"so-panel widget widget_pt_icon_box widget-icon-box panel-first-child panel-last-child\" data-index=\"4\" >\t\t\t<a class=\"icon-box\" href=\"https:\/\/www.youtube.com\/embed\/Vbx-JOukTsY?autoplay=1\" target=\"_blank\">\n\t\t\t\t\t\t\t<i class=\"fa  fa-camera-retro  fa-3x\"><\/i>\n\t\t\t\t<div class=\"icon-box__text\">\n\t\t\t\t\t<h4 class=\"icon-box__title\">Tan\u0131t\u0131m Filmi<\/h4>\n\t\t\t\t\t<span class=\"icon-box__subtitle\"><\/span>\n\t\t\t\t<\/div>\n\t\t\t<\/a>\n\t\t\t<\/div><\/div><\/div><\/div>","protected":false},"excerpt":{"rendered":"<p>Cam Oda Vista Unico &#8211;\u00a0Cam Balkon Camlama Sistemleri30 mm \u00e7ift caml\u0131 s\u00fcrme sistem.Sistemde altta 3 ray i\u00e7eren ta\u015f\u0131y\u0131c\u0131 profil ve her kanatta 8 adet ta\u015f\u0131y\u0131c\u0131 tekerlek bulunmaktad\u0131r.Ta\u015f\u0131y\u0131c\u0131 tekerlek sistemleri, gerekti\u011finde y\u00fckseklik ayar\u0131 yap\u0131labilecek \u015fekilde tasarlanm\u0131\u015ft\u0131r. B\u00f6ylelikle k\u00fc\u00e7\u00fck, imalat ve\/veya montaj terazi hatalar\u0131 tolore edilebilir.Sistemde 30 mm temperli \u00e7ift cam uygulamas\u0131 yap\u0131lmaktad\u0131r. Jaluzi uygulamas\u0131 yap\u0131labilmektedir.Cam profil &hellip;<\/p>\n","protected":false},"author":1,"featured_media":0,"parent":0,"menu_order":0,"comment_status":"closed","ping_status":"closed","template":"","meta":{"footnotes":""},"class_list":["post-2782","page","type-page","status-publish","hentry"],"yoast_head":"<!-- This site is optimized with the Yoast SEO plugin v27.5 - https:\/\/yoast.com\/product\/yoast-seo-wordpress\/ -->\n<title>V\u0130STA UN\u0130CO - \u00d6zbay Plastik Do\u011frama ve \u0130n\u015f. San. Tic. Ltd. \u015eti<\/title>\n<meta name=\"robots\" content=\"index, follow, max-snippet:-1, max-image-preview:large, max-video-preview:-1\" \/>\n<link rel=\"canonical\" href=\"https:\/\/ozbaypvc.com\/index.php\/cam-oda__trashed\/vista-unico\/\" \/>\n<meta property=\"og:locale\" content=\"tr_TR\" \/>\n<meta property=\"og:type\" content=\"article\" \/>\n<meta property=\"og:title\" content=\"V\u0130STA UN\u0130CO - \u00d6zbay Plastik Do\u011frama ve \u0130n\u015f. San. Tic. Ltd. \u015eti\" \/>\n<meta property=\"og:description\" content=\"Cam Oda Vista Unico -\u00a0Cam Balkon Camlama Sistemleri30 mm \u00e7ift caml\u0131 s\u00fcrme sistem.Sistemde altta 3 ray i\u00e7eren ta\u015f\u0131y\u0131c\u0131 profil ve her kanatta 8 adet ta\u015f\u0131y\u0131c\u0131 tekerlek bulunmaktad\u0131r.Ta\u015f\u0131y\u0131c\u0131 tekerlek sistemleri, gerekti\u011finde y\u00fckseklik ayar\u0131 yap\u0131labilecek \u015fekilde tasarlanm\u0131\u015ft\u0131r. B\u00f6ylelikle k\u00fc\u00e7\u00fck, imalat ve\/veya montaj terazi hatalar\u0131 tolore edilebilir.Sistemde 30 mm temperli \u00e7ift cam uygulamas\u0131 yap\u0131lmaktad\u0131r. Jaluzi uygulamas\u0131 yap\u0131labilmektedir.Cam profil &hellip;\" \/>\n<meta property=\"og:url\" content=\"https:\/\/ozbaypvc.com\/index.php\/cam-oda__trashed\/vista-unico\/\" \/>\n<meta property=\"og:site_name\" content=\"\u00d6zbay Plastik Do\u011frama ve \u0130n\u015f. San. Tic. Ltd. \u015eti\" \/>\n<meta property=\"article:modified_time\" content=\"2017-07-10T08:29:44+00:00\" \/>\n<meta property=\"og:image\" content=\"http:\/\/ozbaypvc.com\/wp-content\/uploads\/2017\/07\/vista-unico-300x224.jpg\" \/>\n<meta name=\"twitter:card\" content=\"summary_large_image\" \/>\n<meta name=\"twitter:label1\" content=\"Tahmini okuma s\u00fcresi\" \/>\n\t<meta name=\"twitter:data1\" content=\"1 dakika\" \/>\n<script type=\"application\/ld+json\" class=\"yoast-schema-graph\">{\"@context\":\"https:\\\/\\\/schema.org\",\"@graph\":[{\"@type\":\"WebPage\",\"@id\":\"https:\\\/\\\/ozbaypvc.com\\\/index.php\\\/cam-oda__trashed\\\/vista-unico\\\/\",\"url\":\"https:\\\/\\\/ozbaypvc.com\\\/index.php\\\/cam-oda__trashed\\\/vista-unico\\\/\",\"name\":\"V\u0130STA UN\u0130CO - \u00d6zbay Plastik Do\u011frama ve \u0130n\u015f. San. Tic. Ltd. \u015eti\",\"isPartOf\":{\"@id\":\"https:\\\/\\\/ozbaypvc.com\\\/#website\"},\"primaryImageOfPage\":{\"@id\":\"https:\\\/\\\/ozbaypvc.com\\\/index.php\\\/cam-oda__trashed\\\/vista-unico\\\/#primaryimage\"},\"image\":{\"@id\":\"https:\\\/\\\/ozbaypvc.com\\\/index.php\\\/cam-oda__trashed\\\/vista-unico\\\/#primaryimage\"},\"thumbnailUrl\":\"http:\\\/\\\/ozbaypvc.com\\\/wp-content\\\/uploads\\\/2017\\\/07\\\/vista-unico-300x224.jpg\",\"datePublished\":\"2017-07-09T20:14:56+00:00\",\"dateModified\":\"2017-07-10T08:29:44+00:00\",\"breadcrumb\":{\"@id\":\"https:\\\/\\\/ozbaypvc.com\\\/index.php\\\/cam-oda__trashed\\\/vista-unico\\\/#breadcrumb\"},\"inLanguage\":\"tr\",\"potentialAction\":[{\"@type\":\"ReadAction\",\"target\":[\"https:\\\/\\\/ozbaypvc.com\\\/index.php\\\/cam-oda__trashed\\\/vista-unico\\\/\"]}]},{\"@type\":\"ImageObject\",\"inLanguage\":\"tr\",\"@id\":\"https:\\\/\\\/ozbaypvc.com\\\/index.php\\\/cam-oda__trashed\\\/vista-unico\\\/#primaryimage\",\"url\":\"https:\\\/\\\/ozbaypvc.com\\\/wp-content\\\/uploads\\\/2017\\\/07\\\/vista-unico.jpg\",\"contentUrl\":\"https:\\\/\\\/ozbaypvc.com\\\/wp-content\\\/uploads\\\/2017\\\/07\\\/vista-unico.jpg\",\"width\":950,\"height\":710},{\"@type\":\"BreadcrumbList\",\"@id\":\"https:\\\/\\\/ozbaypvc.com\\\/index.php\\\/cam-oda__trashed\\\/vista-unico\\\/#breadcrumb\",\"itemListElement\":[{\"@type\":\"ListItem\",\"position\":1,\"name\":\"Ana sayfa\",\"item\":\"https:\\\/\\\/ozbaypvc.com\\\/\"},{\"@type\":\"ListItem\",\"position\":2,\"name\":\"V\u0130STA UN\u0130CO\"}]},{\"@type\":\"WebSite\",\"@id\":\"https:\\\/\\\/ozbaypvc.com\\\/#website\",\"url\":\"https:\\\/\\\/ozbaypvc.com\\\/\",\"name\":\"\u00d6zbay Plastik Do\u011frama ve \u0130n\u015f. San. Tic. Ltd. \u015eti\",\"description\":\"Giresun Cam Balkon &amp; Katlan\u0131r Cam Balkon - Pimapen - Albert Genau\",\"potentialAction\":[{\"@type\":\"SearchAction\",\"target\":{\"@type\":\"EntryPoint\",\"urlTemplate\":\"https:\\\/\\\/ozbaypvc.com\\\/?s={search_term_string}\"},\"query-input\":{\"@type\":\"PropertyValueSpecification\",\"valueRequired\":true,\"valueName\":\"search_term_string\"}}],\"inLanguage\":\"tr\"}]}<\/script>\n<!-- \/ Yoast SEO plugin. -->","yoast_head_json":{"title":"V\u0130STA UN\u0130CO - \u00d6zbay Plastik Do\u011frama ve \u0130n\u015f. San. Tic. Ltd. \u015eti","robots":{"index":"index","follow":"follow","max-snippet":"max-snippet:-1","max-image-preview":"max-image-preview:large","max-video-preview":"max-video-preview:-1"},"canonical":"https:\/\/ozbaypvc.com\/index.php\/cam-oda__trashed\/vista-unico\/","og_locale":"tr_TR","og_type":"article","og_title":"V\u0130STA UN\u0130CO - \u00d6zbay Plastik Do\u011frama ve \u0130n\u015f. San. Tic. Ltd. \u015eti","og_description":"Cam Oda Vista Unico -\u00a0Cam Balkon Camlama Sistemleri30 mm \u00e7ift caml\u0131 s\u00fcrme sistem.Sistemde altta 3 ray i\u00e7eren ta\u015f\u0131y\u0131c\u0131 profil ve her kanatta 8 adet ta\u015f\u0131y\u0131c\u0131 tekerlek bulunmaktad\u0131r.Ta\u015f\u0131y\u0131c\u0131 tekerlek sistemleri, gerekti\u011finde y\u00fckseklik ayar\u0131 yap\u0131labilecek \u015fekilde tasarlanm\u0131\u015ft\u0131r. B\u00f6ylelikle k\u00fc\u00e7\u00fck, imalat ve\/veya montaj terazi hatalar\u0131 tolore edilebilir.Sistemde 30 mm temperli \u00e7ift cam uygulamas\u0131 yap\u0131lmaktad\u0131r. Jaluzi uygulamas\u0131 yap\u0131labilmektedir.Cam profil &hellip;","og_url":"https:\/\/ozbaypvc.com\/index.php\/cam-oda__trashed\/vista-unico\/","og_site_name":"\u00d6zbay Plastik Do\u011frama ve \u0130n\u015f. San. Tic. Ltd. \u015eti","article_modified_time":"2017-07-10T08:29:44+00:00","og_image":[{"url":"http:\/\/ozbaypvc.com\/wp-content\/uploads\/2017\/07\/vista-unico-300x224.jpg","type":"","width":"","height":""}],"twitter_card":"summary_large_image","twitter_misc":{"Tahmini okuma s\u00fcresi":"1 dakika"},"schema":{"@context":"https:\/\/schema.org","@graph":[{"@type":"WebPage","@id":"https:\/\/ozbaypvc.com\/index.php\/cam-oda__trashed\/vista-unico\/","url":"https:\/\/ozbaypvc.com\/index.php\/cam-oda__trashed\/vista-unico\/","name":"V\u0130STA UN\u0130CO - \u00d6zbay Plastik Do\u011frama ve \u0130n\u015f. San. Tic. Ltd. \u015eti","isPartOf":{"@id":"https:\/\/ozbaypvc.com\/#website"},"primaryImageOfPage":{"@id":"https:\/\/ozbaypvc.com\/index.php\/cam-oda__trashed\/vista-unico\/#primaryimage"},"image":{"@id":"https:\/\/ozbaypvc.com\/index.php\/cam-oda__trashed\/vista-unico\/#primaryimage"},"thumbnailUrl":"http:\/\/ozbaypvc.com\/wp-content\/uploads\/2017\/07\/vista-unico-300x224.jpg","datePublished":"2017-07-09T20:14:56+00:00","dateModified":"2017-07-10T08:29:44+00:00","breadcrumb":{"@id":"https:\/\/ozbaypvc.com\/index.php\/cam-oda__trashed\/vista-unico\/#breadcrumb"},"inLanguage":"tr","potentialAction":[{"@type":"ReadAction","target":["https:\/\/ozbaypvc.com\/index.php\/cam-oda__trashed\/vista-unico\/"]}]},{"@type":"ImageObject","inLanguage":"tr","@id":"https:\/\/ozbaypvc.com\/index.php\/cam-oda__trashed\/vista-unico\/#primaryimage","url":"https:\/\/ozbaypvc.com\/wp-content\/uploads\/2017\/07\/vista-unico.jpg","contentUrl":"https:\/\/ozbaypvc.com\/wp-content\/uploads\/2017\/07\/vista-unico.jpg","width":950,"height":710},{"@type":"BreadcrumbList","@id":"https:\/\/ozbaypvc.com\/index.php\/cam-oda__trashed\/vista-unico\/#breadcrumb","itemListElement":[{"@type":"ListItem","position":1,"name":"Ana sayfa","item":"https:\/\/ozbaypvc.com\/"},{"@type":"ListItem","position":2,"name":"V\u0130STA UN\u0130CO"}]},{"@type":"WebSite","@id":"https:\/\/ozbaypvc.com\/#website","url":"https:\/\/ozbaypvc.com\/","name":"\u00d6zbay Plastik Do\u011frama ve \u0130n\u015f. San. Tic. Ltd. \u015eti","description":"Giresun Cam Balkon &amp; Katlan\u0131r Cam Balkon - Pimapen - Albert Genau","potentialAction":[{"@type":"SearchAction","target":{"@type":"EntryPoint","urlTemplate":"https:\/\/ozbaypvc.com\/?s={search_term_string}"},"query-input":{"@type":"PropertyValueSpecification","valueRequired":true,"valueName":"search_term_string"}}],"inLanguage":"tr"}]}},"_links":{"self":[{"href":"https:\/\/ozbaypvc.com\/index.php\/wp-json\/wp\/v2\/pages\/2782","targetHints":{"allow":["GET"]}}],"collection":[{"href":"https:\/\/ozbaypvc.com\/index.php\/wp-json\/wp\/v2\/pages"}],"about":[{"href":"https:\/\/ozbaypvc.com\/index.php\/wp-json\/wp\/v2\/types\/page"}],"author":[{"embeddable":true,"href":"https:\/\/ozbaypvc.com\/index.php\/wp-json\/wp\/v2\/users\/1"}],"replies":[{"embeddable":true,"href":"https:\/\/ozbaypvc.com\/index.php\/wp-json\/wp\/v2\/comments?post=2782"}],"version-history":[{"count":0,"href":"https:\/\/ozbaypvc.com\/index.php\/wp-json\/wp\/v2\/pages\/2782\/revisions"}],"wp:attachment":[{"href":"https:\/\/ozbaypvc.com\/index.php\/wp-json\/wp\/v2\/media?parent=2782"}],"curies":[{"name":"wp","href":"https:\/\/api.w.org\/{rel}","templated":true}]}}